{"id":9,"date":"2018-08-30T21:47:17","date_gmt":"2018-08-30T19:47:17","guid":{"rendered":"http:\/\/jenseignechezvous.fr\/?page_id=9"},"modified":"2026-03-04T21:34:39","modified_gmt":"2026-03-04T20:34:39","slug":"qui-suis-je","status":"publish","type":"page","link":"https:\/\/jenseignechezvous.fr\/index.php\/qui-suis-je\/","title":{"rendered":"Qui suis-je?"},"content":{"rendered":"\n<p>Je m&rsquo;appelle Lara VIEL et je suis maman de trois enfants.<\/p>\n\n\n<div class=\"wp-block-image\">\n<figure class=\"alignleft is-resized\"><img loading=\"lazy\" decoding=\"async\" width=\"674\" height=\"1024\" src=\"http:\/\/jenseignechezvous.fr\/wp-content\/uploads\/2018\/10\/photo_pro_lara_recadree-2.jpg\" alt=\"\" class=\"wp-image-161\" style=\"width:305px;height:464px\" srcset=\"https:\/\/jenseignechezvous.fr\/wp-content\/uploads\/2018\/10\/photo_pro_lara_recadree-2.jpg 674w, https:\/\/jenseignechezvous.fr\/wp-content\/uploads\/2018\/10\/photo_pro_lara_recadree-2-197x300.jpg 197w\" sizes=\"auto, (max-width: 674px) 100vw, 674px\" \/><\/figure><\/div>\n\n\n<p class=\"has-text-align-left\">J&rsquo;enseigne l&rsquo;anglais, l&rsquo;allemand et le fran\u00e7ais. Depuis tr\u00e8s jeune, les langues et les lettres ont \u00e9t\u00e9 ma passion. Au coll\u00e8ge, j&rsquo;ai tout de suite \u00e9t\u00e9 int\u00e9ress\u00e9e par l&rsquo;anglais. Puis, je suis tomb\u00e9e \u00ab\u00a0amoureuse\u00a0\u00bb de l&rsquo;allemand, apr\u00e8s avoir entendu un couple d&rsquo;amis germanophones \u00e9changer entre eux. Apr\u00e8s un baccalaur\u00e9at g\u00e9n\u00e9ral litt\u00e9raire, j&rsquo;ai effectu\u00e9 une ma\u00eetrise de Langues \u00c9trang\u00e8res Appliqu\u00e9es (anglais-allemand), durant laquelle j&rsquo;ai aussi appris \u00e0 enseigner le FLE, Fran\u00e7ais Langues \u00c9trang\u00e8res.<\/p>\n\n\n\n<p class=\"has-text-align-left\">Apr\u00e8s de nombreux s\u00e9jours de plusieurs mois \u00e0 <strong>Londres<\/strong>, la belle ville de<strong> Constance<\/strong>, en <strong>Allemagne<\/strong>, m&rsquo;a accueillie pour ma ma\u00eetrise. Puis, j&rsquo;ai enseign\u00e9 le fran\u00e7ais et l&rsquo;allemand en tant qu&rsquo;assistante \u00e0 l&rsquo;Universit\u00e9 du Maine \u00e0 <strong>Farmington, aux<\/strong> <strong>\u00c9tats-Unis<\/strong>. L\u00e0-bas, j&rsquo;ai pu parfaire ma ma\u00eetrise de l&rsquo;anglais et d\u00e9couvrir la culture et la mentalit\u00e9 am\u00e9ricaine. Cette exp\u00e9rience m&rsquo;a aussi appris que l&rsquo;enseignement devant une classe enti\u00e8re n&rsquo;\u00e9tait pas ce que je pr\u00e9f\u00e9rais. J&rsquo;aime prendre le temps avec un \u00e9l\u00e8ve, lui accorder toute mon attention, me mettre \u00e0 sa place, l&rsquo;aider en me mettant \u00e0 son niveau.<\/p>\n\n\n\n<p>Apr\u00e8s une carri\u00e8re de journaliste, et notamment au mensuel Paris-Berlin, o\u00f9 je pratiquais l&rsquo;allemand, j&rsquo;ai voulu consacrer mon temps professionnel aux enfants, et particuli\u00e8rement aux enfants d\u00e9scolaris\u00e9s, malades ou en situation de handicap. Dans ce sens, j&rsquo;ai travaill\u00e9 deux ans \u00e0 l&rsquo;association parisienne <strong>Votre \u00c9cole Chez Vous<\/strong>. Cette association, fond\u00e9e en 1954 et reconnue d&rsquo;utilit\u00e9 publique en 1985, a pour but d&rsquo;apporter aux domiciles des enfants et adolescents gravement malades et en situation de handicap ou pr\u00e9sentant des troubles s\u00e9v\u00e8res des apprentissages, l&rsquo;enseignement qu&rsquo;ils ne peuvent recevoir dans les \u00e9tablissements collectifs.<\/p>\n\n\n\n<p>Aupr\u00e8s de mes \u00e9l\u00e8ves, j&rsquo;ai appris la patience, l&rsquo;\u00e9coute attentive, la bienveillance, et la capacit\u00e9 \u00e0 adapter mes cours \u00e0 leurs besoins. J&rsquo;ai aid\u00e9 des jeunes porteurs de troubles du spectre autistique, agoraphobes, phobiques scolaires, \u00e9pileptiques, mais aussi victimes de harc\u00e8lement scolaire&#8230; Tous, je les ai soutenus de mon mieux, je les ai \u00ab\u00a0port\u00e9s\u00a0\u00bb psychologiquement quand il fallait. Et je leur ai enseign\u00e9 l&rsquo;anglais, l&rsquo;allemand avec tout mon c\u0153ur et en respectant les programmes de l\u2019\u00c9ducation Nationale.<\/p>\n\n\n\n<p>Apr\u00e8s le d\u00e9m\u00e9nagement de ma famille en r\u00e9gion nantaise, je souhaite \u00e0 nouveau aider des enfants et adolescents d\u00e9scolaris\u00e9s et\/ou en situation de handicap. C&rsquo;est pourquoi j&rsquo;ai cr\u00e9\u00e9 \u00ab\u00a0J&rsquo;enseigne chez vous\u00a0\u00bb, afin de pouvoir enseigner les langues et les lettres aux enfants qui en auraient besoin dans la r\u00e9gion autour de Saint-S\u00e9bastien-sur-Loire et dans le sud-Loire.<\/p>\n\n\n\n<p>Vous pouvez me contacter au 06.81.84.43.59 ou me laisser un message sur la page contact.&nbsp;<\/p>\n\n\n\n<p><\/p>\n","protected":false},"excerpt":{"rendered":"<p>Je m&rsquo;appelle Lara VIEL et je suis maman de trois enfants. J&rsquo;enseigne l&rsquo;anglais, l&rsquo;allemand et le fran\u00e7ais. Depuis tr\u00e8s jeune, les langues et les lettres ont \u00e9t\u00e9 ma passion. Au coll\u00e8ge, j&rsquo;ai tout de suite \u00e9t\u00e9 int\u00e9ress\u00e9e par l&rsquo;anglais. Puis, je suis tomb\u00e9e \u00ab\u00a0amoureuse\u00a0\u00bb de l&rsquo;allemand, apr\u00e8s avoir entendu un couple d&rsquo;amis germanophones \u00e9changer entre &hellip; <\/p>\n<p class=\"link-more\"><a href=\"https:\/\/jenseignechezvous.fr\/index.php\/qui-suis-je\/\" class=\"more-link\">Continuer la lecture<span class=\"screen-reader-text\"> de &laquo;&nbsp;Qui suis-je?&nbsp;&raquo;<\/span><\/a><\/p>\n","protected":false},"author":2,"featured_media":0,"parent":0,"menu_order":0,"comment_status":"closed","ping_status":"closed","template":"","meta":{"footnotes":""},"class_list":["post-9","page","type-page","status-publish","hentry"],"_links":{"self":[{"href":"https:\/\/jenseignechezvous.fr\/index.php\/wp-json\/wp\/v2\/pages\/9","targetHints":{"allow":["GET"]}}],"collection":[{"href":"https:\/\/jenseignechezvous.fr\/index.php\/wp-json\/wp\/v2\/pages"}],"about":[{"href":"https:\/\/jenseignechezvous.fr\/index.php\/wp-json\/wp\/v2\/types\/page"}],"author":[{"embeddable":true,"href":"https:\/\/jenseignechezvous.fr\/index.php\/wp-json\/wp\/v2\/users\/2"}],"replies":[{"embeddable":true,"href":"https:\/\/jenseignechezvous.fr\/index.php\/wp-json\/wp\/v2\/comments?post=9"}],"version-history":[{"count":16,"href":"https:\/\/jenseignechezvous.fr\/index.php\/wp-json\/wp\/v2\/pages\/9\/revisions"}],"predecessor-version":[{"id":233,"href":"https:\/\/jenseignechezvous.fr\/index.php\/wp-json\/wp\/v2\/pages\/9\/revisions\/233"}],"wp:attachment":[{"href":"https:\/\/jenseignechezvous.fr\/index.php\/wp-json\/wp\/v2\/media?parent=9"}],"curies":[{"name":"wp","href":"https:\/\/api.w.org\/{rel}","templated":true}]}}